{"id":1051,"date":"2021-08-11T15:39:43","date_gmt":"2021-08-11T13:39:43","guid":{"rendered":"https:\/\/herito.pl\/?page_id=1051"},"modified":"2025-07-02T12:23:47","modified_gmt":"2025-07-02T10:23:47","slug":"about-the-quarterly","status":"publish","type":"page","link":"https:\/\/herito.pl\/en\/about-the-quarterly\/","title":{"rendered":"About the quarterly"},"content":{"rendered":"<section class=\"txtblock wow fadeIn\" data-wow-delay=\"0.2s\">\r\n    <div class=\"container\">\r\n        <div class=\"row\">\r\n            <div class=\"col-xl-8 offset-xl-2 col-lg-10 offset-lg-1\">\r\n                    <div class=\"txt wow fadeInUp\" data-wow-delay=\"0.3s\"><p>Herito &#8211; \u00a0a bilingual English-Polish quarterly on Central European heritage and culture published by the <a href=\"http:\/\/www.mck.krakow.pl\/en\"><span style=\"text-decoration: underline;\">International Cultural Centre<\/span><\/a>. It is our hope that it will come to be a unique forum for discussions on heritage, culture, our times, and the future. As a periodical it will focus on issues of locus and related reflections, on space and its various meanings, and on the geography of the imagination and of memory. The pretext for the topics it undertakes to examine is \u00a0Central European heritage, which has a heritage of experience and cultural dilemmas that are at once unique and highly relevant to contemporary debate.<\/p>\n<p>&#8220;Central Europe is a conscious choice, a question\u00a0of our world view, though also of our community\u00a0of experience \u2013 our own and that of our neighbours.\u00a0Herito is a further chapter in our fascination with\u00a0this very special region of the Old Continent, where\u00a0political borders have always changed faster than\u00a0cultural borders. Central Europe is not a territorial\u00a0region with clearly demarcated borders; it is our fortune.<\/p>\n<p>The Central European identity is founded on\u00a0contradictions that have combined repeatedly to produce\u00a0creative tension. The material and non\u2011material\u00a0fruit of this tension today is our common heritage,\u00a0the product of cultures, ideas and values accumulated\u00a0and fused over centuries. No less a part of this\u00a0heritage is our own memory and identity \u2013 for heritage\u00a0is nothing other than the use of the past to serve\u00a0contemporary\u00a0purposes&#8221;.<\/p>\n<p style=\"text-align: right;\">Prof. Jacek Purchla<br \/>\nEditor-in-Chief of Herito from 2010 to 2025<\/p>\n<p>&nbsp;<\/p>\n<p>&nbsp;<\/p>\n<p><strong>Editors:<\/strong><br \/>\nEditor-in-chef: Bartosz Sadulski<br \/>\nEditorial assistant: Aleksandra \u0141ozi\u0144ska<br \/>\nEditorial team: dr \u017banna Komar, dr Paulina Ma\u0142ochleb, dr Beata Nykiel, prof. Jacek Purchla, Agata W\u0105sowska-Pawlik, dr Micha\u0142 Wi\u015bniewski, dr Aleksandra Wojtaszek<\/p>\n<\/div>\r\n\r\n        <\/div>\r\n      <\/div>\r\n    <\/div>\r\n<\/section>\r\n","protected":false},"excerpt":{"rendered":"","protected":false},"author":15,"featured_media":0,"parent":0,"menu_order":0,"comment_status":"closed","ping_status":"closed","template":"","meta":{"_acf_changed":false,"inline_featured_image":false,"footnotes":""},"class_list":["post-1051","page","type-page","status-publish","hentry"],"acf":[],"yoast_head":"<!-- This site is optimized with the Yoast SEO plugin v27.2 - https:\/\/yoast.com\/product\/yoast-seo-wordpress\/ -->\n<title>About the quarterly - herito<\/title>\n<meta name=\"description\" content=\"Herito - \u00a0a bilingual English-Polish quarterly on Central European heritage and culture published by the International Cultural Centre. It is our hope that it will come to be a unique forum for discussions on heritage, culture, our times, and the future. As a periodical it will focus on issues of locus and related reflections, on space and its various meanings, and on the geography of the imagination and of memory. The pretext for the topics it undertakes to examine is \u00a0Central European heritage, which has a heritage of experience and cultural dilemmas that are at once unique and highly relevant to contemporary debate.\" \/>\n<meta name=\"robots\" content=\"index, follow, max-snippet:-1, max-image-preview:large, max-video-preview:-1\" \/>\n<link rel=\"canonical\" href=\"https:\/\/herito.pl\/en\/about-the-quarterly\/\" \/>\n<meta property=\"og:locale\" content=\"en_US\" \/>\n<meta property=\"og:type\" content=\"article\" \/>\n<meta property=\"og:title\" content=\"About the quarterly - herito\" \/>\n<meta property=\"og:description\" content=\"Herito - \u00a0a bilingual English-Polish quarterly on Central European heritage and culture published by the International Cultural Centre. It is our hope that it will come to be a unique forum for discussions on heritage, culture, our times, and the future. As a periodical it will focus on issues of locus and related reflections, on space and its various meanings, and on the geography of the imagination and of memory. The pretext for the topics it undertakes to examine is \u00a0Central European heritage, which has a heritage of experience and cultural dilemmas that are at once unique and highly relevant to contemporary debate.\" \/>\n<meta property=\"og:url\" content=\"https:\/\/herito.pl\/en\/about-the-quarterly\/\" \/>\n<meta property=\"og:site_name\" content=\"herito\" \/>\n<meta property=\"article:modified_time\" content=\"2025-07-02T10:23:47+00:00\" \/>\n<meta name=\"twitter:card\" content=\"summary_large_image\" \/>\n<meta name=\"twitter:label1\" content=\"Est. reading time\" \/>\n\t<meta name=\"twitter:data1\" content=\"2 minutes\" \/>\n<script type=\"application\/ld+json\" class=\"yoast-schema-graph\">{\"@context\":\"https:\/\/schema.org\",\"@graph\":[{\"@type\":\"WebPage\",\"@id\":\"https:\/\/herito.pl\/en\/about-the-quarterly\/\",\"url\":\"https:\/\/herito.pl\/en\/about-the-quarterly\/\",\"name\":\"About the quarterly - herito\",\"isPartOf\":{\"@id\":\"https:\/\/herito.pl\/#website\"},\"datePublished\":\"2021-08-11T13:39:43+00:00\",\"dateModified\":\"2025-07-02T10:23:47+00:00\",\"description\":\"Herito - \u00a0a bilingual English-Polish quarterly on Central European heritage and culture published by the International Cultural Centre. It is our hope that it will come to be a unique forum for discussions on heritage, culture, our times, and the future. As a periodical it will focus on issues of locus and related reflections, on space and its various meanings, and on the geography of the imagination and of memory. The pretext for the topics it undertakes to examine is \u00a0Central European heritage, which has a heritage of experience and cultural dilemmas that are at once unique and highly relevant to contemporary debate.\",\"inLanguage\":\"en-US\",\"potentialAction\":[{\"@type\":\"ReadAction\",\"target\":[\"https:\/\/herito.pl\/en\/about-the-quarterly\/\"]}]},{\"@type\":\"WebSite\",\"@id\":\"https:\/\/herito.pl\/#website\",\"url\":\"https:\/\/herito.pl\/\",\"name\":\"herito\",\"description\":\"\",\"publisher\":{\"@id\":\"https:\/\/herito.pl\/#organization\"},\"potentialAction\":[{\"@type\":\"SearchAction\",\"target\":{\"@type\":\"EntryPoint\",\"urlTemplate\":\"https:\/\/herito.pl\/?s={search_term_string}\"},\"query-input\":{\"@type\":\"PropertyValueSpecification\",\"valueRequired\":true,\"valueName\":\"search_term_string\"}}],\"inLanguage\":\"en-US\"},{\"@type\":\"Organization\",\"@id\":\"https:\/\/herito.pl\/#organization\",\"name\":\"herito\",\"url\":\"https:\/\/herito.pl\/\",\"logo\":{\"@type\":\"ImageObject\",\"inLanguage\":\"en-US\",\"@id\":\"https:\/\/herito.pl\/#\/schema\/logo\/image\/\",\"url\":\"https:\/\/herito.pl\/wp-content\/uploads\/2025\/09\/cropped-herito-nowe-logo-web.png\",\"contentUrl\":\"https:\/\/herito.pl\/wp-content\/uploads\/2025\/09\/cropped-herito-nowe-logo-web.png\",\"width\":1000,\"height\":347,\"caption\":\"herito\"},\"image\":{\"@id\":\"https:\/\/herito.pl\/#\/schema\/logo\/image\/\"}}]}<\/script>\n<!-- \/ Yoast SEO plugin. -->","yoast_head_json":{"title":"About the quarterly - herito","description":"Herito - \u00a0a bilingual English-Polish quarterly on Central European heritage and culture published by the International Cultural Centre. It is our hope that it will come to be a unique forum for discussions on heritage, culture, our times, and the future. As a periodical it will focus on issues of locus and related reflections, on space and its various meanings, and on the geography of the imagination and of memory. The pretext for the topics it undertakes to examine is \u00a0Central European heritage, which has a heritage of experience and cultural dilemmas that are at once unique and highly relevant to contemporary debate.","robots":{"index":"index","follow":"follow","max-snippet":"max-snippet:-1","max-image-preview":"max-image-preview:large","max-video-preview":"max-video-preview:-1"},"canonical":"https:\/\/herito.pl\/en\/about-the-quarterly\/","og_locale":"en_US","og_type":"article","og_title":"About the quarterly - herito","og_description":"Herito - \u00a0a bilingual English-Polish quarterly on Central European heritage and culture published by the International Cultural Centre. It is our hope that it will come to be a unique forum for discussions on heritage, culture, our times, and the future. As a periodical it will focus on issues of locus and related reflections, on space and its various meanings, and on the geography of the imagination and of memory. The pretext for the topics it undertakes to examine is \u00a0Central European heritage, which has a heritage of experience and cultural dilemmas that are at once unique and highly relevant to contemporary debate.","og_url":"https:\/\/herito.pl\/en\/about-the-quarterly\/","og_site_name":"herito","article_modified_time":"2025-07-02T10:23:47+00:00","twitter_card":"summary_large_image","twitter_misc":{"Est. reading time":"2 minutes"},"schema":{"@context":"https:\/\/schema.org","@graph":[{"@type":"WebPage","@id":"https:\/\/herito.pl\/en\/about-the-quarterly\/","url":"https:\/\/herito.pl\/en\/about-the-quarterly\/","name":"About the quarterly - herito","isPartOf":{"@id":"https:\/\/herito.pl\/#website"},"datePublished":"2021-08-11T13:39:43+00:00","dateModified":"2025-07-02T10:23:47+00:00","description":"Herito - \u00a0a bilingual English-Polish quarterly on Central European heritage and culture published by the International Cultural Centre. It is our hope that it will come to be a unique forum for discussions on heritage, culture, our times, and the future. As a periodical it will focus on issues of locus and related reflections, on space and its various meanings, and on the geography of the imagination and of memory. The pretext for the topics it undertakes to examine is \u00a0Central European heritage, which has a heritage of experience and cultural dilemmas that are at once unique and highly relevant to contemporary debate.","inLanguage":"en-US","potentialAction":[{"@type":"ReadAction","target":["https:\/\/herito.pl\/en\/about-the-quarterly\/"]}]},{"@type":"WebSite","@id":"https:\/\/herito.pl\/#website","url":"https:\/\/herito.pl\/","name":"herito","description":"","publisher":{"@id":"https:\/\/herito.pl\/#organization"},"potentialAction":[{"@type":"SearchAction","target":{"@type":"EntryPoint","urlTemplate":"https:\/\/herito.pl\/?s={search_term_string}"},"query-input":{"@type":"PropertyValueSpecification","valueRequired":true,"valueName":"search_term_string"}}],"inLanguage":"en-US"},{"@type":"Organization","@id":"https:\/\/herito.pl\/#organization","name":"herito","url":"https:\/\/herito.pl\/","logo":{"@type":"ImageObject","inLanguage":"en-US","@id":"https:\/\/herito.pl\/#\/schema\/logo\/image\/","url":"https:\/\/herito.pl\/wp-content\/uploads\/2025\/09\/cropped-herito-nowe-logo-web.png","contentUrl":"https:\/\/herito.pl\/wp-content\/uploads\/2025\/09\/cropped-herito-nowe-logo-web.png","width":1000,"height":347,"caption":"herito"},"image":{"@id":"https:\/\/herito.pl\/#\/schema\/logo\/image\/"}}]}},"_links":{"self":[{"href":"https:\/\/herito.pl\/en\/wp-json\/wp\/v2\/pages\/1051","targetHints":{"allow":["GET"]}}],"collection":[{"href":"https:\/\/herito.pl\/en\/wp-json\/wp\/v2\/pages"}],"about":[{"href":"https:\/\/herito.pl\/en\/wp-json\/wp\/v2\/types\/page"}],"author":[{"embeddable":true,"href":"https:\/\/herito.pl\/en\/wp-json\/wp\/v2\/users\/15"}],"replies":[{"embeddable":true,"href":"https:\/\/herito.pl\/en\/wp-json\/wp\/v2\/comments?post=1051"}],"version-history":[{"count":3,"href":"https:\/\/herito.pl\/en\/wp-json\/wp\/v2\/pages\/1051\/revisions"}],"predecessor-version":[{"id":11543,"href":"https:\/\/herito.pl\/en\/wp-json\/wp\/v2\/pages\/1051\/revisions\/11543"}],"wp:attachment":[{"href":"https:\/\/herito.pl\/en\/wp-json\/wp\/v2\/media?parent=1051"}],"curies":[{"name":"wp","href":"https:\/\/api.w.org\/{rel}","templated":true}]}}